{"id":105,"date":"2021-07-05T11:25:58","date_gmt":"2021-07-05T14:25:58","guid":{"rendered":"http:\/\/dramabarroco.com\/carpevie\/?page_id=105"},"modified":"2021-08-18T08:23:39","modified_gmt":"2021-08-18T11:23:39","slug":"politica-de-privacidade","status":"publish","type":"page","link":"https:\/\/carpevie.com\/en\/politica-de-privacidade\/","title":{"rendered":"Privacy Police"},"content":{"rendered":"<p>Ol\u00e1, tudo bem? Seguran\u00e7a, confian\u00e7a e transpar\u00eancia nas rela\u00e7\u00f5es s\u00e3o premissas fundamentais para n\u00f3s, da Carpe Vie Consultoria Engenharia Consultiva. Por isso, pode navegar pelo nosso site com toda tranquilidade, ciente de que seus dados pessoais est\u00e3o seguros.<\/p>\n<p>Para saber mais detalhes sobre nossas pr\u00e1ticas em rela\u00e7\u00e3o \u00e0 sua privacidade e prote\u00e7\u00e3o dos seus dados, consulte nossa Pol\u00edtica de Privacidade. Se ap\u00f3s conhecer nossas diretrizes, ainda restar alguma d\u00favida, \u00e9 s\u00f3 entrar em contato conosco atrav\u00e9s de algum dos nossos canais de comunica\u00e7\u00e3o.<\/p>\n<p><strong>&gt;&gt; De que trata essa Pol\u00edtica de Privacidade?<\/strong><br \/>\nEssa pol\u00edtica \u00e9 referente ao tratamento de dados que identifiquem ou sejam capazes de identificar visitantes do nosso site, incluindo dados referentes a seus dispositivos m\u00f3veis, os quais s\u00e3o considerados dados pessoais.<\/p>\n<p><strong>&gt;&gt; Quais dados pessoais tratamos?<\/strong><br \/>\nPara acessar o nosso site e o seu conte\u00fado, voc\u00ea n\u00e3o precisa se identificar ou realizar qualquer cadastro. N\u00f3s n\u00e3o coletamos seus dados pessoais quando voc\u00ea acessa ou navega por nossa p\u00e1gina.<\/p>\n<p>A utiliza\u00e7\u00e3o de\u00a0<i>cookies\u00a0<\/i>\u00b9 em nosso site ocorre unicamente com o prop\u00f3sito de municiar a ferramenta Google Analitycs, voltada para otimizar a sua experi\u00eancia de navega\u00e7\u00e3o.<\/p>\n<p>A \u00fanica ocasi\u00e3o em que coletaremos seus dados pessoais ser\u00e1 caso voc\u00ea os forne\u00e7a livremente ao entrar em contato conosco, por meio de qualquer dos endere\u00e7os de e-mail dispon\u00edveis no site, ou por nossos telefones de contato, com d\u00favidas, solicita\u00e7\u00f5es ou outras mensagens.<\/p>\n<p><em>1 \u2013 Cookies s\u00e3o pequenos arquivos gravados no dispositivo utilizado para acessar o site, que permitem identificar a localiza\u00e7\u00e3o do usu\u00e1rio, bem como reconhec\u00ea-lo em outros acessos.<\/em><\/p>\n<p><strong>&gt;&gt; Para que utilizamos os dados pessoais?<\/strong><br \/>\nOs dados pessoais que voc\u00ea nos disponibilizar ser\u00e3o utilizados com a \u00fanica e exclusiva finalidade de responder a sua solicita\u00e7\u00e3o, retornar o seu contato ou atender, se poss\u00edvel, ao motivo pelo qual voc\u00ea entrou em contato conosco.<\/p>\n<p>Nesse caso, utilizaremos seus dados de contato, e eventuais outros dados pessoais que voc\u00ea disponibilize em sua mensagem, ou liga\u00e7\u00e3o, com base em nosso leg\u00edtimo interesse de retornar os contatos de nossos usu\u00e1rios e atender \u00e0s suas solicita\u00e7\u00f5es, caso poss\u00edvel. N\u00f3s garantimos que nunca usaremos seus dados para outras finalidades sem inform\u00e1-lo a respeito e obter seu consentimento pr\u00e9vio.<\/p>\n<p><strong>&gt;&gt; Compartilhamos seus dados com terceiros?<\/strong><br \/>\nApenas compartilhamos seus dados pessoais com o Google, com a \u00fanica finalidade de armazenamento dos dados no ambiente nuvem contratado por n\u00f3s. L\u00e1, seus dados pessoais estar\u00e3o sujeitos a n\u00edveis de prote\u00e7\u00e3o adequados, atendendo aos mais altos padr\u00f5es de seguran\u00e7a da informa\u00e7\u00e3o. Para mais informa\u00e7\u00f5es sobre o tratamento de dados pessoais pelo Google, acesse sua pol\u00edtica de privacidade em:\u00a0<a href=\"https:\/\/policies.google.com\/\" target=\"_blank\" rel=\"noopener\">https:\/\/policies.google.com\/<\/a><\/p>\n<p>N\u00f3s n\u00e3o compartilhamos seus dados com quaisquer outros terceiros e n\u00e3o venderemos seus dados pessoais em qualquer hip\u00f3tese.<\/p>\n<p><strong>&gt;&gt; Como protegemos seus dados pessoais?<\/strong><br \/>\nSeus dados pessoais trafegam e s\u00e3o armazenados de forma segura em nosso banco de dados em nuvem, al\u00e9m de estarem sujeitos a autoriza\u00e7\u00f5es de acesso restritas, com logs de atividades e ferramentas de recupera\u00e7\u00e3o.<\/p>\n<p><strong>&gt;&gt; Por quanto tempo mantemos seus dados?<\/strong><br \/>\nArmazenaremos seus dados pessoais somente durante o per\u00edodo necess\u00e1rio para o cumprimento das finalidades pelas quais voc\u00ea entrar em contato conosco.<\/p>\n<p>Caso voc\u00ea entre em contato conosco para fazer uma pergunta, coment\u00e1rio ou solicita\u00e7\u00e3o simples, responderemos e excluiremos seus dados 90 dias ap\u00f3s o contato ser finalizado. J\u00e1 no caso de voc\u00ea entrar em contato para se candidatar a trabalhar conosco e nos envie seu curr\u00edculo, e outros dados pessoais por e-mail, armazenaremos seus dados pessoais durante o processo seletivo. Caso n\u00e3o exista vaga aberta no momento ou voc\u00ea n\u00e3o seja selecionado, mas tenhamos interesse no seu perfil, armazenaremos seus dados por at\u00e9 2 anos, para que possamos contat\u00e1-lo novamente, a respeito de outras oportunidades. Nesse caso, o informaremos a respeito para que, caso n\u00e3o tenha interesse na manuten\u00e7\u00e3o de seu curr\u00edculo, voc\u00ea possa solicitar a exclus\u00e3o de seus dados, o que faremos imediatamente. Encerrados esses prazos, seus dados ser\u00e3o permanentemente deletados dos nossos arquivos e n\u00e3o ser\u00e1 poss\u00edvel recuper\u00e1-los.<\/p>\n<p>Caso voc\u00ea queira solicitar a exclus\u00e3o de alguns de seus dados pessoais antes do fim do prazo de 2 anos, ou antes da execu\u00e7\u00e3o da finalidade solicitada, entre em contato conosco pelos canais indicados ao fim dessa Pol\u00edtica.<\/p>\n<p>Observe que, nesse caso, \u00e9 poss\u00edvel que o cumprimento da finalidade pela qual voc\u00ea entrou em contato conosco reste prejudicada pela exclus\u00e3o de algum dado pessoal considerado necess\u00e1rio para o seu atendimento.<\/p>\n<p><strong>&gt;&gt; Quais s\u00e3o seus direitos?<\/strong><br \/>\nVoc\u00ea tem direito de, a qualquer momento:<\/p>\n<ul>\n<li>\u00a0obter confirma\u00e7\u00e3o de que tratamos seus dados pessoais.<\/li>\n<li>\u00a0acessar seus dados pessoais.<\/li>\n<li>\u00a0corrigir eventuais dados incompletos, desatualizados, ou inexatos.<\/li>\n<li>\u00a0solicitar a elimina\u00e7\u00e3o de dados desnecess\u00e1rios, excessivos ou que voc\u00ea entenda serem objeto de tratamento ilegal.<\/li>\n<li>\u00a0obter informa\u00e7\u00f5es sobre terceiros com quem compartilhamos seus dados.<\/li>\n<\/ul>\n<p>Caso deseje exercer qualquer desses direitos, por favor, entre em contato conosco pelos meios<br \/>\nindicados ao fim dessa Pol\u00edtica de Privacidade, que estaremos prontos para atender a sua solicita\u00e7\u00e3o, em um prazo m\u00e1ximo de 15 dias. Para tanto, poderemos solicitar algumas informa\u00e7\u00f5es adicionais, que ser\u00e3o utilizadas exclusivamente para fins de verifica\u00e7\u00e3o da sua identidade, e armazenadas por at\u00e9 3 anos para o caso de termos que comprovar que os direitos foram exercidos realmente por voc\u00ea.<\/p>\n<p><strong>&gt;&gt; Altera\u00e7\u00f5es na Pol\u00edtica de Privacidade<\/strong><br \/>\nPoderemos alterar essa Pol\u00edtica de Privacidade a qualquer momento, caso nossas pr\u00e1ticas mudem. Novas vers\u00f5es desta Pol\u00edtica apenas valer\u00e3o para dados coletados ap\u00f3s sua respectiva atualiza\u00e7\u00e3o e publicidade em nosso site.<\/p>\n<p><strong>&gt;&gt; Canais de contato<\/strong><br \/>\nCaso, ap\u00f3s a leitura de nossa Pol\u00edtica de Privacidade, voc\u00ea queira exercer seus direitos de titular de dados ou tenha qualquer d\u00favida, coment\u00e1rio, ou sugest\u00e3o que gostaria de compartilhar conosco a respeito de nossas pr\u00e1ticas de privacidade e prote\u00e7\u00e3o de dados pessoais, por favor, entre em contato conosco pelo telefone\u00a0<a href=\"tel:5581986360800\">+55 81 9.8636.0800<\/a>\u00a0ou atrav\u00e9s do e-mail\u00a0<a href=\"mailto:alecio.b.fernandes@carpevie.com\" target=\"_blank\" rel=\"noopener\">alecio.b.fernandes@carpevie.com<\/a>.<\/p>\n","protected":false},"excerpt":{"rendered":"<p>Ol\u00e1, tudo bem? Seguran\u00e7a, confian\u00e7a e transpar\u00eancia nas rela\u00e7\u00f5es s\u00e3o premissas fundamentais para n\u00f3s, da Carpe Vie Consultoria Engenharia Consultiva. Por isso, pode navegar pelo nosso site com toda tranquilidade, ciente de que seus dados pessoais est\u00e3o seguros. Para saber mais detalhes sobre nossas pr\u00e1ticas [&hellip;]<\/p>\n","protected":false},"author":1,"featured_media":0,"parent":0,"menu_order":0,"comment_status":"closed","ping_status":"closed","template":"","meta":[],"yoast_head":"<!-- This site is optimized with the Yoast SEO plugin v16.7 - https:\/\/yoast.com\/wordpress\/plugins\/seo\/ -->\n<meta name=\"robots\" content=\"index, follow, max-snippet:-1, max-image-preview:large, max-video-preview:-1\" \/>\n<link rel=\"canonical\" href=\"https:\/\/carpevie.com\/politica-de-privacidade\/\" \/>\n<meta property=\"og:locale\" content=\"en_US\" \/>\n<meta property=\"og:type\" content=\"article\" \/>\n<meta property=\"og:title\" content=\"Privacy Police - Carpe Vie\" \/>\n<meta property=\"og:description\" content=\"Ol\u00e1, tudo bem? Seguran\u00e7a, confian\u00e7a e transpar\u00eancia nas rela\u00e7\u00f5es s\u00e3o premissas fundamentais para n\u00f3s, da Carpe Vie Consultoria Engenharia Consultiva. Por isso, pode navegar pelo nosso site com toda tranquilidade, ciente de que seus dados pessoais est\u00e3o seguros. Para saber mais detalhes sobre nossas pr\u00e1ticas [&hellip;]\" \/>\n<meta property=\"og:url\" content=\"https:\/\/carpevie.com\/politica-de-privacidade\/\" \/>\n<meta property=\"og:site_name\" content=\"Carpe Vie\" \/>\n<meta property=\"article:modified_time\" content=\"2021-08-18T11:23:39+00:00\" \/>\n<meta name=\"twitter:card\" content=\"summary_large_image\" \/>\n<meta name=\"twitter:label1\" content=\"Est. reading time\" \/>\n\t<meta name=\"twitter:data1\" content=\"5 minutes\" \/>\n<script type=\"application\/ld+json\" class=\"yoast-schema-graph\">{\"@context\":\"https:\/\/schema.org\",\"@graph\":[{\"@type\":\"WebSite\",\"@id\":\"https:\/\/carpevie.com\/#website\",\"url\":\"https:\/\/carpevie.com\/\",\"name\":\"Carpe Vie\",\"description\":\"Engenharia Consultiva\",\"potentialAction\":[{\"@type\":\"SearchAction\",\"target\":{\"@type\":\"EntryPoint\",\"urlTemplate\":\"https:\/\/carpevie.com\/?s={search_term_string}\"},\"query-input\":\"required name=search_term_string\"}],\"inLanguage\":\"en-US\"},{\"@type\":\"WebPage\",\"@id\":\"https:\/\/carpevie.com\/politica-de-privacidade\/#webpage\",\"url\":\"https:\/\/carpevie.com\/politica-de-privacidade\/\",\"name\":\"[:pb]Pol\\u00edtica de privacidade[:en]Privacy Police[:] - Carpe Vie\",\"isPartOf\":{\"@id\":\"https:\/\/carpevie.com\/#website\"},\"datePublished\":\"2021-07-05T14:25:58+00:00\",\"dateModified\":\"2021-08-18T11:23:39+00:00\",\"breadcrumb\":{\"@id\":\"https:\/\/carpevie.com\/politica-de-privacidade\/#breadcrumb\"},\"inLanguage\":\"en-US\",\"potentialAction\":[{\"@type\":\"ReadAction\",\"target\":[\"https:\/\/carpevie.com\/politica-de-privacidade\/\"]}]},{\"@type\":\"BreadcrumbList\",\"@id\":\"https:\/\/carpevie.com\/politica-de-privacidade\/#breadcrumb\",\"itemListElement\":[{\"@type\":\"ListItem\",\"position\":1,\"name\":\"In\\u00edcio\",\"item\":\"https:\/\/carpevie.com\/\"},{\"@type\":\"ListItem\",\"position\":2,\"name\":\"Pol\\u00edtica de privacidade\"}]}]}<\/script>\n<!-- \/ Yoast SEO plugin. -->","yoast_head_json":{"robots":{"index":"index","follow":"follow","max-snippet":"max-snippet:-1","max-image-preview":"max-image-preview:large","max-video-preview":"max-video-preview:-1"},"canonical":"https:\/\/carpevie.com\/politica-de-privacidade\/","og_locale":"en_US","og_type":"article","og_title":"Privacy Police - Carpe Vie","og_description":"Ol\u00e1, tudo bem? Seguran\u00e7a, confian\u00e7a e transpar\u00eancia nas rela\u00e7\u00f5es s\u00e3o premissas fundamentais para n\u00f3s, da Carpe Vie Consultoria Engenharia Consultiva. Por isso, pode navegar pelo nosso site com toda tranquilidade, ciente de que seus dados pessoais est\u00e3o seguros. Para saber mais detalhes sobre nossas pr\u00e1ticas [&hellip;]","og_url":"https:\/\/carpevie.com\/politica-de-privacidade\/","og_site_name":"Carpe Vie","article_modified_time":"2021-08-18T11:23:39+00:00","twitter_card":"summary_large_image","twitter_misc":{"Est. reading time":"5 minutes"},"schema":{"@context":"https:\/\/schema.org","@graph":[{"@type":"WebSite","@id":"https:\/\/carpevie.com\/#website","url":"https:\/\/carpevie.com\/","name":"Carpe Vie","description":"Engenharia Consultiva","potentialAction":[{"@type":"SearchAction","target":{"@type":"EntryPoint","urlTemplate":"https:\/\/carpevie.com\/?s={search_term_string}"},"query-input":"required name=search_term_string"}],"inLanguage":"en-US"},{"@type":"WebPage","@id":"https:\/\/carpevie.com\/politica-de-privacidade\/#webpage","url":"https:\/\/carpevie.com\/politica-de-privacidade\/","name":"[:pb]Pol\u00edtica de privacidade[:en]Privacy Police[:] - Carpe Vie","isPartOf":{"@id":"https:\/\/carpevie.com\/#website"},"datePublished":"2021-07-05T14:25:58+00:00","dateModified":"2021-08-18T11:23:39+00:00","breadcrumb":{"@id":"https:\/\/carpevie.com\/politica-de-privacidade\/#breadcrumb"},"inLanguage":"en-US","potentialAction":[{"@type":"ReadAction","target":["https:\/\/carpevie.com\/politica-de-privacidade\/"]}]},{"@type":"BreadcrumbList","@id":"https:\/\/carpevie.com\/politica-de-privacidade\/#breadcrumb","itemListElement":[{"@type":"ListItem","position":1,"name":"In\u00edcio","item":"https:\/\/carpevie.com\/"},{"@type":"ListItem","position":2,"name":"Pol\u00edtica de privacidade"}]}]}},"_links":{"self":[{"href":"https:\/\/carpevie.com\/en\/wp-json\/wp\/v2\/pages\/105"}],"collection":[{"href":"https:\/\/carpevie.com\/en\/wp-json\/wp\/v2\/pages"}],"about":[{"href":"https:\/\/carpevie.com\/en\/wp-json\/wp\/v2\/types\/page"}],"author":[{"embeddable":true,"href":"https:\/\/carpevie.com\/en\/wp-json\/wp\/v2\/users\/1"}],"replies":[{"embeddable":true,"href":"https:\/\/carpevie.com\/en\/wp-json\/wp\/v2\/comments?post=105"}],"version-history":[{"count":4,"href":"https:\/\/carpevie.com\/en\/wp-json\/wp\/v2\/pages\/105\/revisions"}],"predecessor-version":[{"id":159,"href":"https:\/\/carpevie.com\/en\/wp-json\/wp\/v2\/pages\/105\/revisions\/159"}],"wp:attachment":[{"href":"https:\/\/carpevie.com\/en\/wp-json\/wp\/v2\/media?parent=105"}],"curies":[{"name":"wp","href":"https:\/\/api.w.org\/{rel}","templated":true}]}}